{"id":10609,"date":"2020-02-12T13:11:38","date_gmt":"2020-02-12T12:11:38","guid":{"rendered":"https:\/\/frankthiel.dk\/kontakt\/"},"modified":"2025-11-13T14:46:19","modified_gmt":"2025-11-13T13:46:19","slug":"contact","status":"publish","type":"page","link":"https:\/\/frankthiel.dk\/en\/contact\/","title":{"rendered":"Contact"},"content":{"rendered":"\t\t<div data-elementor-type=\"wp-page\" data-elementor-id=\"10609\" class=\"elementor elementor-10609 elementor-61\" data-elementor-post-type=\"page\">\n\t\t\t\t<div class=\"elementor-element elementor-element-ed24f7a hero white e-flex e-con-boxed e-con e-parent\" data-id=\"ed24f7a\" data-element_type=\"container\" data-settings=\"{&quot;background_background&quot;:&quot;classic&quot;,&quot;shape_divider_bottom&quot;:&quot;mountains&quot;}\">\n\t\t\t\t\t<div class=\"e-con-inner\">\n\t\t\t\t<div class=\"elementor-shape elementor-shape-bottom\" data-negative=\"false\">\n\t\t\t<svg xmlns=\"http:\/\/www.w3.org\/2000\/svg\" viewBox=\"0 0 1000 100\" preserveAspectRatio=\"none\">\n\t<path class=\"elementor-shape-fill\" opacity=\"0.33\" d=\"M473,67.3c-203.9,88.3-263.1-34-320.3,0C66,119.1,0,59.7,0,59.7V0h1000v59.7 c0,0-62.1,26.1-94.9,29.3c-32.8,3.3-62.8-12.3-75.8-22.1C806,49.6,745.3,8.7,694.9,4.7S492.4,59,473,67.3z\"\/>\n\t<path class=\"elementor-shape-fill\" opacity=\"0.66\" d=\"M734,67.3c-45.5,0-77.2-23.2-129.1-39.1c-28.6-8.7-150.3-10.1-254,39.1 s-91.7-34.4-149.2,0C115.7,118.3,0,39.8,0,39.8V0h1000v36.5c0,0-28.2-18.5-92.1-18.5C810.2,18.1,775.7,67.3,734,67.3z\"\/>\n\t<path class=\"elementor-shape-fill\" d=\"M766.1,28.9c-200-57.5-266,65.5-395.1,19.5C242,1.8,242,5.4,184.8,20.6C128,35.8,132.3,44.9,89.9,52.5C28.6,63.7,0,0,0,0 h1000c0,0-9.9,40.9-83.6,48.1S829.6,47,766.1,28.9z\"\/>\n<\/svg>\t\t<\/div>\n\t\t\t\t<div class=\"elementor-element elementor-element-025ffba pre-header elementor-invisible elementor-widget elementor-widget-heading\" data-id=\"025ffba\" data-element_type=\"widget\" data-settings=\"{&quot;_animation&quot;:&quot;fadeIn&quot;}\" data-widget_type=\"heading.default\">\n\t\t\t\t<div class=\"elementor-widget-container\">\n\t\t\t\t\t<p class=\"elementor-heading-title elementor-size-default\">Would you like to hear more?<\/p>\t\t\t\t<\/div>\n\t\t\t\t<\/div>\n\t\t\t\t<div class=\"elementor-element elementor-element-b99a14a elementor-widget__width-inherit elementor-invisible elementor-widget elementor-widget-heading\" data-id=\"b99a14a\" data-element_type=\"widget\" data-settings=\"{&quot;_animation&quot;:&quot;fadeIn&quot;,&quot;_animation_delay&quot;:400}\" data-widget_type=\"heading.default\">\n\t\t\t\t<div class=\"elementor-widget-container\">\n\t\t\t\t\t<h1 class=\"elementor-heading-title elementor-size-default\">Get in touch with me<\/h1>\t\t\t\t<\/div>\n\t\t\t\t<\/div>\n\t\t\t\t\t<\/div>\n\t\t\t\t<\/div>\n\t\t<div class=\"elementor-element elementor-element-0b656d7 e-flex e-con-boxed e-con e-parent\" data-id=\"0b656d7\" data-element_type=\"container\" data-settings=\"{&quot;background_background&quot;:&quot;classic&quot;,&quot;shape_divider_bottom&quot;:&quot;mountains&quot;,&quot;animation&quot;:&quot;none&quot;}\">\n\t\t\t\t\t<div class=\"e-con-inner\">\n\t\t\t\t<div class=\"elementor-shape elementor-shape-bottom\" data-negative=\"false\">\n\t\t\t<svg xmlns=\"http:\/\/www.w3.org\/2000\/svg\" viewBox=\"0 0 1000 100\" preserveAspectRatio=\"none\">\n\t<path class=\"elementor-shape-fill\" opacity=\"0.33\" d=\"M473,67.3c-203.9,88.3-263.1-34-320.3,0C66,119.1,0,59.7,0,59.7V0h1000v59.7 c0,0-62.1,26.1-94.9,29.3c-32.8,3.3-62.8-12.3-75.8-22.1C806,49.6,745.3,8.7,694.9,4.7S492.4,59,473,67.3z\"\/>\n\t<path class=\"elementor-shape-fill\" opacity=\"0.66\" d=\"M734,67.3c-45.5,0-77.2-23.2-129.1-39.1c-28.6-8.7-150.3-10.1-254,39.1 s-91.7-34.4-149.2,0C115.7,118.3,0,39.8,0,39.8V0h1000v36.5c0,0-28.2-18.5-92.1-18.5C810.2,18.1,775.7,67.3,734,67.3z\"\/>\n\t<path class=\"elementor-shape-fill\" d=\"M766.1,28.9c-200-57.5-266,65.5-395.1,19.5C242,1.8,242,5.4,184.8,20.6C128,35.8,132.3,44.9,89.9,52.5C28.6,63.7,0,0,0,0 h1000c0,0-9.9,40.9-83.6,48.1S829.6,47,766.1,28.9z\"\/>\n<\/svg>\t\t<\/div>\n\t\t<div class=\"elementor-element elementor-element-afb441a e-con-full e-flex elementor-invisible e-con e-child\" data-id=\"afb441a\" data-element_type=\"container\" data-settings=\"{&quot;animation&quot;:&quot;fadeInLeft&quot;}\">\n\t\t\t\t<div class=\"elementor-element elementor-element-22b3ad0 elementor-widget elementor-widget-heading\" data-id=\"22b3ad0\" data-element_type=\"widget\" data-widget_type=\"heading.default\">\n\t\t\t\t<div class=\"elementor-widget-container\">\n\t\t\t\t\t<h2 class=\"elementor-heading-title elementor-size-default\">Frank Thiel<\/h2>\t\t\t\t<\/div>\n\t\t\t\t<\/div>\n\t\t\t\t<div class=\"elementor-element elementor-element-751976b elementor-widget elementor-widget-text-editor\" data-id=\"751976b\" data-element_type=\"widget\" data-widget_type=\"text-editor.default\">\n\t\t\t\t<div class=\"elementor-widget-container\">\n\t\t\t\t\t\t\t\t\t<h3>Kolding, Denmark<\/h3><p><span data-olk-copy-source=\"MessageBody\">Alr\u00f8v\u00e6nget 16a, Drejens 6000 Kolding<\/span><\/p><h3>Email<\/h3><p><a href=\"mailto:frank@frankthiel.dk\">frank@frankthiel.dk<\/a>\u00a0<\/p><h3>Phone number<\/h3><p><a href=\"tel:004521 72 57 56\">+45 21 72 57 56<\/a><\/p><h3>Hornb\u00e6k<\/h3><p>Holmev\u00e6nget 2E 3100 Hornb\u00e6k, Danmark<\/p><h3>COMPANY REGISTRATION NUMBER<\/h3><p>44711397<\/p>\t\t\t\t\t\t\t\t<\/div>\n\t\t\t\t<\/div>\n\t\t\t\t<div class=\"elementor-element elementor-element-47464e1 elementor-widget elementor-widget-shortcode\" data-id=\"47464e1\" data-element_type=\"widget\" data-widget_type=\"shortcode.default\">\n\t\t\t\t<div class=\"elementor-widget-container\">\n\t\t\t\t\t\t\t<div class=\"elementor-shortcode\"><form id=\"forminator-module-10773\" class=\"forminator-custom-form forminator-custom-form-10773\" method=\"post\" data-forminator-render=\"0\" data-uid=\"69d0db2cf0211\"><div role=\"alert\" aria-live=\"polite\" class=\"forminator-response-message forminator-error\" aria-hidden=\"true\"><\/div><\/form><\/div>\n\t\t\t\t\t\t<\/div>\n\t\t\t\t<\/div>\n\t\t\t\t<\/div>\n\t\t<div class=\"elementor-element elementor-element-6794b06 e-con-full e-flex e-con e-child\" data-id=\"6794b06\" data-element_type=\"container\" data-settings=\"{&quot;animation&quot;:&quot;none&quot;}\">\n\t\t\t\t<div class=\"elementor-element elementor-element-01a9e82 elementor-widget elementor-widget-image\" data-id=\"01a9e82\" data-element_type=\"widget\" data-widget_type=\"image.default\">\n\t\t\t\t<div class=\"elementor-widget-container\">\n\t\t\t\t\t\t\t\t\t\t\t\t\t\t\t<img fetchpriority=\"high\" decoding=\"async\" width=\"1000\" height=\"667\" src=\"https:\/\/frankthiel.dk\/wp-content\/uploads\/2025\/01\/2020_09_16_NOeRREBRO_TEATER_ALLE_GODE_TING_0097-1000x667.webp\" class=\"attachment-large size-large wp-image-10587\" alt=\"\" srcset=\"https:\/\/frankthiel.dk\/wp-content\/uploads\/2025\/01\/2020_09_16_NOeRREBRO_TEATER_ALLE_GODE_TING_0097-1000x667.webp 1000w, https:\/\/frankthiel.dk\/wp-content\/uploads\/2025\/01\/2020_09_16_NOeRREBRO_TEATER_ALLE_GODE_TING_0097-500x333.webp 500w, https:\/\/frankthiel.dk\/wp-content\/uploads\/2025\/01\/2020_09_16_NOeRREBRO_TEATER_ALLE_GODE_TING_0097-768x512.webp 768w, https:\/\/frankthiel.dk\/wp-content\/uploads\/2025\/01\/2020_09_16_NOeRREBRO_TEATER_ALLE_GODE_TING_0097-1536x1024.webp 1536w, https:\/\/frankthiel.dk\/wp-content\/uploads\/2025\/01\/2020_09_16_NOeRREBRO_TEATER_ALLE_GODE_TING_0097.webp 1920w\" sizes=\"(max-width: 1000px) 100vw, 1000px\" \/>\t\t\t\t\t\t\t\t\t\t\t\t\t\t\t<\/div>\n\t\t\t\t<\/div>\n\t\t\t\t<\/div>\n\t\t\t\t\t<\/div>\n\t\t\t\t<\/div>\n\t\t<div class=\"elementor-element elementor-element-516c06df white e-flex e-con-boxed e-con e-parent\" data-id=\"516c06df\" data-element_type=\"container\" data-settings=\"{&quot;background_background&quot;:&quot;classic&quot;,&quot;shape_divider_top&quot;:&quot;mountains&quot;,&quot;shape_divider_bottom&quot;:&quot;mountains&quot;}\">\n\t\t\t\t\t<div class=\"e-con-inner\">\n\t\t\t\t<div class=\"elementor-shape elementor-shape-top\" data-negative=\"false\">\n\t\t\t<svg xmlns=\"http:\/\/www.w3.org\/2000\/svg\" viewBox=\"0 0 1000 100\" preserveAspectRatio=\"none\">\n\t<path class=\"elementor-shape-fill\" opacity=\"0.33\" d=\"M473,67.3c-203.9,88.3-263.1-34-320.3,0C66,119.1,0,59.7,0,59.7V0h1000v59.7 c0,0-62.1,26.1-94.9,29.3c-32.8,3.3-62.8-12.3-75.8-22.1C806,49.6,745.3,8.7,694.9,4.7S492.4,59,473,67.3z\"\/>\n\t<path class=\"elementor-shape-fill\" opacity=\"0.66\" d=\"M734,67.3c-45.5,0-77.2-23.2-129.1-39.1c-28.6-8.7-150.3-10.1-254,39.1 s-91.7-34.4-149.2,0C115.7,118.3,0,39.8,0,39.8V0h1000v36.5c0,0-28.2-18.5-92.1-18.5C810.2,18.1,775.7,67.3,734,67.3z\"\/>\n\t<path class=\"elementor-shape-fill\" d=\"M766.1,28.9c-200-57.5-266,65.5-395.1,19.5C242,1.8,242,5.4,184.8,20.6C128,35.8,132.3,44.9,89.9,52.5C28.6,63.7,0,0,0,0 h1000c0,0-9.9,40.9-83.6,48.1S829.6,47,766.1,28.9z\"\/>\n<\/svg>\t\t<\/div>\n\t\t\t\t<div class=\"elementor-shape elementor-shape-bottom\" data-negative=\"false\">\n\t\t\t<svg xmlns=\"http:\/\/www.w3.org\/2000\/svg\" viewBox=\"0 0 1000 100\" preserveAspectRatio=\"none\">\n\t<path class=\"elementor-shape-fill\" opacity=\"0.33\" d=\"M473,67.3c-203.9,88.3-263.1-34-320.3,0C66,119.1,0,59.7,0,59.7V0h1000v59.7 c0,0-62.1,26.1-94.9,29.3c-32.8,3.3-62.8-12.3-75.8-22.1C806,49.6,745.3,8.7,694.9,4.7S492.4,59,473,67.3z\"\/>\n\t<path class=\"elementor-shape-fill\" opacity=\"0.66\" d=\"M734,67.3c-45.5,0-77.2-23.2-129.1-39.1c-28.6-8.7-150.3-10.1-254,39.1 s-91.7-34.4-149.2,0C115.7,118.3,0,39.8,0,39.8V0h1000v36.5c0,0-28.2-18.5-92.1-18.5C810.2,18.1,775.7,67.3,734,67.3z\"\/>\n\t<path class=\"elementor-shape-fill\" d=\"M766.1,28.9c-200-57.5-266,65.5-395.1,19.5C242,1.8,242,5.4,184.8,20.6C128,35.8,132.3,44.9,89.9,52.5C28.6,63.7,0,0,0,0 h1000c0,0-9.9,40.9-83.6,48.1S829.6,47,766.1,28.9z\"\/>\n<\/svg>\t\t<\/div>\n\t\t\t\t<div class=\"elementor-element elementor-element-4da62e71 elementor-widget elementor-widget-heading\" data-id=\"4da62e71\" data-element_type=\"widget\" data-widget_type=\"heading.default\">\n\t\t\t\t<div class=\"elementor-widget-container\">\n\t\t\t\t\t<h2 class=\"elementor-heading-title elementor-size-default\">Testimonials<\/h2>\t\t\t\t<\/div>\n\t\t\t\t<\/div>\n\t\t\t\t<div class=\"elementor-element elementor-element-6f767bc7 elementor-testimonial--skin-default elementor-testimonial--layout-image_inline elementor-testimonial--align-center elementor-arrows-yes elementor-pagination-type-bullets elementor-widget elementor-widget-testimonial-carousel\" data-id=\"6f767bc7\" data-element_type=\"widget\" data-settings=\"{&quot;show_arrows&quot;:&quot;yes&quot;,&quot;pagination&quot;:&quot;bullets&quot;,&quot;speed&quot;:500,&quot;autoplay&quot;:&quot;yes&quot;,&quot;autoplay_speed&quot;:5000,&quot;loop&quot;:&quot;yes&quot;,&quot;pause_on_hover&quot;:&quot;yes&quot;,&quot;pause_on_interaction&quot;:&quot;yes&quot;,&quot;space_between&quot;:{&quot;unit&quot;:&quot;px&quot;,&quot;size&quot;:10,&quot;sizes&quot;:[]},&quot;space_between_laptop&quot;:{&quot;unit&quot;:&quot;px&quot;,&quot;size&quot;:10,&quot;sizes&quot;:[]},&quot;space_between_tablet&quot;:{&quot;unit&quot;:&quot;px&quot;,&quot;size&quot;:10,&quot;sizes&quot;:[]},&quot;space_between_mobile&quot;:{&quot;unit&quot;:&quot;px&quot;,&quot;size&quot;:10,&quot;sizes&quot;:[]}}\" data-widget_type=\"testimonial-carousel.default\">\n\t\t\t\t<div class=\"elementor-widget-container\">\n\t\t\t\t\t\t\t<div class=\"elementor-swiper\">\n\t\t\t<div class=\"elementor-main-swiper swiper\">\n\t\t\t\t<div class=\"swiper-wrapper\">\n\t\t\t\t\t\t\t\t\t\t\t<div class=\"swiper-slide\">\n\t\t\t\t\t\t\t\t\t<div class=\"elementor-testimonial\">\n\t\t\t\t\t\t\t<div class=\"elementor-testimonial__content\">\n\t\t\t\t\t<div class=\"elementor-testimonial__text\">\n\t\t\t\t\t\tI have learned so much about presentation techniques\u2014how to be present and effectively communicate my message to an audience. The training was both rewarding and challenging. It was tough but worth it. Frank always had a keen sense of where I was in the process and tailored his approach accordingly, creating a crucial sense of security for me\t\t\t\t\t<\/div>\n\t\t\t\t\t\t\t\t\t<\/div>\n\t\t\t\t\t\t<div class=\"elementor-testimonial__footer\">\n\t\t\t\t\t\t\t\t<cite class=\"elementor-testimonial__cite\"><span class=\"elementor-testimonial__name\">Jakob Tekla<\/span><span class=\"elementor-testimonial__title\">Director<\/span><\/cite>\t\t\t<\/div>\n\t\t<\/div>\n\t\t\t\t\t\t\t\t<\/div>\n\t\t\t\t\t\t\t\t\t\t\t<div class=\"swiper-slide\">\n\t\t\t\t\t\t\t\t\t<div class=\"elementor-testimonial\">\n\t\t\t\t\t\t\t<div class=\"elementor-testimonial__content\">\n\t\t\t\t\t<div class=\"elementor-testimonial__text\">\n\t\t\t\t\t\tFrank has an exceptional ability to pinpoint exactly what I need to work on while equipping me with the right tools to address those areas in a structured way. He has created a safe, challenging, fun, and engaging environment in which I feel I improve with every session. My time with Frank has also taught me which skills are essential to bridge the gap between mediocre and truly impactful delivery.\t\t\t\t\t<\/div>\n\t\t\t\t\t\t\t\t\t<\/div>\n\t\t\t\t\t\t<div class=\"elementor-testimonial__footer\">\n\t\t\t\t\t\t\t\t<cite class=\"elementor-testimonial__cite\"><span class=\"elementor-testimonial__name\">Merete Due Paarup<\/span><span class=\"elementor-testimonial__title\">Consultant\/Politician<\/span><\/cite>\t\t\t<\/div>\n\t\t<\/div>\n\t\t\t\t\t\t\t\t<\/div>\n\t\t\t\t\t\t\t\t\t\t\t<div class=\"swiper-slide\">\n\t\t\t\t\t\t\t\t\t<div class=\"elementor-testimonial\">\n\t\t\t\t\t\t\t<div class=\"elementor-testimonial__content\">\n\t\t\t\t\t<div class=\"elementor-testimonial__text\">\n\t\t\t\t\t\tI had the pleasure of working with Frank Thiel as my instructor and coach. His enthusiasm and engagement were exceptional. He fostered a safe and professional learning environment, allowing me to take bold steps and explore new possibilities with confidence.\t\t\t\t\t<\/div>\n\t\t\t\t\t\t\t\t\t<\/div>\n\t\t\t\t\t\t<div class=\"elementor-testimonial__footer\">\n\t\t\t\t\t\t\t\t<cite class=\"elementor-testimonial__cite\"><span class=\"elementor-testimonial__name\">Sofie Lohmann<\/span><span class=\"elementor-testimonial__title\">Acting Student<\/span><\/cite>\t\t\t<\/div>\n\t\t<\/div>\n\t\t\t\t\t\t\t\t<\/div>\n\t\t\t\t\t\t\t\t\t\t\t<div class=\"swiper-slide\">\n\t\t\t\t\t\t\t\t\t<div class=\"elementor-testimonial\">\n\t\t\t\t\t\t\t<div class=\"elementor-testimonial__content\">\n\t\t\t\t\t<div class=\"elementor-testimonial__text\">\n\t\t\t\t\t\tI began with the aim of feeling more at ease sharing stories with others. It has been an incredible experience. I\u2019ve chosen to continue because I truly believe that the better I become at being the Erik I aspire to be - whether in person, in a lecture, or during a talk - the more I seek out opportunities and take the initiative. The more enjoyable it becomes, the more I will embrace it. And that\u2019s beneficial for my business.\t\t\t\t\t<\/div>\n\t\t\t\t\t\t\t\t\t<\/div>\n\t\t\t\t\t\t<div class=\"elementor-testimonial__footer\">\n\t\t\t\t\t\t\t\t<cite class=\"elementor-testimonial__cite\"><span class=\"elementor-testimonial__name\">Erik Algreen<\/span><span class=\"elementor-testimonial__title\">Coach<\/span><\/cite>\t\t\t<\/div>\n\t\t<\/div>\n\t\t\t\t\t\t\t\t<\/div>\n\t\t\t\t\t\t\t\t\t<\/div>\n\t\t\t\t\t\t\t\t\t\t\t\t\t\t\t<div class=\"swiper-pagination\"><\/div>\n\t\t\t\t\t\t\t\t\t\t\t\t\t\t\t\t<div class=\"elementor-swiper-button elementor-swiper-button-prev\" role=\"button\" tabindex=\"0\">\n\t\t\t\t\t\t\t<svg aria-hidden=\"true\" class=\"e-font-icon-svg e-eicon-chevron-left\" viewBox=\"0 0 1000 1000\" xmlns=\"http:\/\/www.w3.org\/2000\/svg\"><path d=\"M646 125C629 125 613 133 604 142L308 442C296 454 292 471 292 487 292 504 296 521 308 533L604 854C617 867 629 875 646 875 663 875 679 871 692 858 704 846 713 829 713 812 713 796 708 779 692 767L438 487 692 225C700 217 708 204 708 187 708 171 704 154 692 142 675 129 663 125 646 125Z\"><\/path><\/svg>\t\t\t\t\t\t\t<span class=\"elementor-screen-only\">Previous<\/span>\n\t\t\t\t\t\t<\/div>\n\t\t\t\t\t\t<div class=\"elementor-swiper-button elementor-swiper-button-next\" role=\"button\" tabindex=\"0\">\n\t\t\t\t\t\t\t<svg aria-hidden=\"true\" class=\"e-font-icon-svg e-eicon-chevron-right\" viewBox=\"0 0 1000 1000\" xmlns=\"http:\/\/www.w3.org\/2000\/svg\"><path d=\"M696 533C708 521 713 504 713 487 713 471 708 454 696 446L400 146C388 133 375 125 354 125 338 125 325 129 313 142 300 154 292 171 292 187 292 204 296 221 308 233L563 492 304 771C292 783 288 800 288 817 288 833 296 850 308 863 321 871 338 875 354 875 371 875 388 867 400 854L696 533Z\"><\/path><\/svg>\t\t\t\t\t\t\t<span class=\"elementor-screen-only\">Next<\/span>\n\t\t\t\t\t\t<\/div>\n\t\t\t\t\t\t\t\t\t\t\t\t<\/div>\n\t\t<\/div>\n\t\t\t\t\t\t<\/div>\n\t\t\t\t<\/div>\n\t\t\t\t<div class=\"elementor-element elementor-element-7081750a cta elementor-widget elementor-widget-button\" data-id=\"7081750a\" data-element_type=\"widget\" data-widget_type=\"button.default\">\n\t\t\t\t<div class=\"elementor-widget-container\">\n\t\t\t\t\t\t\t\t\t<div class=\"elementor-button-wrapper\">\n\t\t\t\t\t<a class=\"elementor-button elementor-button-link elementor-size-sm\" href=\"\/en\/testimonials\/\">\n\t\t\t\t\t\t<span class=\"elementor-button-content-wrapper\">\n\t\t\t\t\t\t\t\t\t<span class=\"elementor-button-text\">See more testimonials<\/span>\n\t\t\t\t\t<\/span>\n\t\t\t\t\t<\/a>\n\t\t\t\t<\/div>\n\t\t\t\t\t\t\t\t<\/div>\n\t\t\t\t<\/div>\n\t\t\t\t\t<\/div>\n\t\t\t\t<\/div>\n\t\t\t\t<\/div>\n\t\t","protected":false},"excerpt":{"rendered":"<p>Har du sp\u00f8rgsm\u00e5l eller kommentarer? Kontakt os i dag for at h\u00f8re mere om, hvad vi kan g\u00f8re for dig.<\/p>\n","protected":false},"author":1,"featured_media":0,"parent":0,"menu_order":0,"comment_status":"closed","ping_status":"closed","template":"","meta":{"_acf_changed":false,"footnotes":""},"categories":[],"class_list":["post-10609","page","type-page","status-publish"],"acf":[],"yoast_head":"<!-- This site is optimized with the Yoast SEO plugin v27.3 - https:\/\/yoast.com\/product\/yoast-seo-wordpress\/ -->\n<title>Contact | Frank Thiel<\/title>\n<meta name=\"robots\" content=\"index, follow, max-snippet:-1, max-image-preview:large, max-video-preview:-1\" \/>\n<link rel=\"canonical\" href=\"https:\/\/frankthiel.dk\/kontakt\/\" \/>\n<meta property=\"og:locale\" content=\"en_US\" \/>\n<meta property=\"og:type\" content=\"article\" \/>\n<meta property=\"og:title\" content=\"Contact | Frank Thiel\" \/>\n<meta property=\"og:description\" content=\"Har du sp\u00f8rgsm\u00e5l eller kommentarer? Kontakt os i dag for at h\u00f8re mere om, hvad vi kan g\u00f8re for dig.\" \/>\n<meta property=\"og:url\" content=\"https:\/\/frankthiel.dk\/kontakt\/\" \/>\n<meta property=\"og:site_name\" content=\"Frank Thiel\" \/>\n<meta property=\"article:modified_time\" content=\"2025-11-13T13:46:19+00:00\" \/>\n<meta property=\"og:image\" content=\"https:\/\/frankthiel.dk\/wp-content\/uploads\/2025\/01\/2020_09_16_NOeRREBRO_TEATER_ALLE_GODE_TING_0097.webp\" \/>\n\t<meta property=\"og:image:width\" content=\"1920\" \/>\n\t<meta property=\"og:image:height\" content=\"1280\" \/>\n\t<meta property=\"og:image:type\" content=\"image\/webp\" \/>\n<meta name=\"twitter:card\" content=\"summary_large_image\" \/>\n<meta name=\"twitter:label1\" content=\"Est. reading time\" \/>\n\t<meta name=\"twitter:data1\" content=\"1 minute\" \/>\n<script type=\"application\/ld+json\" class=\"yoast-schema-graph\">{\"@context\":\"https:\\\/\\\/schema.org\",\"@graph\":[{\"@type\":\"WebPage\",\"@id\":\"https:\\\/\\\/frankthiel.dk\\\/kontakt\\\/\",\"url\":\"https:\\\/\\\/frankthiel.dk\\\/kontakt\\\/\",\"name\":\"Contact | Frank Thiel\",\"isPartOf\":{\"@id\":\"https:\\\/\\\/frankthiel.dk\\\/#website\"},\"primaryImageOfPage\":{\"@id\":\"https:\\\/\\\/frankthiel.dk\\\/kontakt\\\/#primaryimage\"},\"image\":{\"@id\":\"https:\\\/\\\/frankthiel.dk\\\/kontakt\\\/#primaryimage\"},\"thumbnailUrl\":\"https:\\\/\\\/frankthiel.dk\\\/wp-content\\\/uploads\\\/2025\\\/01\\\/2020_09_16_NOeRREBRO_TEATER_ALLE_GODE_TING_0097-1000x667.webp\",\"datePublished\":\"2020-02-12T12:11:38+00:00\",\"dateModified\":\"2025-11-13T13:46:19+00:00\",\"breadcrumb\":{\"@id\":\"https:\\\/\\\/frankthiel.dk\\\/kontakt\\\/#breadcrumb\"},\"inLanguage\":\"en-US\",\"potentialAction\":[{\"@type\":\"ReadAction\",\"target\":[\"https:\\\/\\\/frankthiel.dk\\\/kontakt\\\/\"]}]},{\"@type\":\"ImageObject\",\"inLanguage\":\"en-US\",\"@id\":\"https:\\\/\\\/frankthiel.dk\\\/kontakt\\\/#primaryimage\",\"url\":\"https:\\\/\\\/frankthiel.dk\\\/wp-content\\\/uploads\\\/2025\\\/01\\\/2020_09_16_NOeRREBRO_TEATER_ALLE_GODE_TING_0097-1000x667.webp\",\"contentUrl\":\"https:\\\/\\\/frankthiel.dk\\\/wp-content\\\/uploads\\\/2025\\\/01\\\/2020_09_16_NOeRREBRO_TEATER_ALLE_GODE_TING_0097-1000x667.webp\"},{\"@type\":\"BreadcrumbList\",\"@id\":\"https:\\\/\\\/frankthiel.dk\\\/kontakt\\\/#breadcrumb\",\"itemListElement\":[{\"@type\":\"ListItem\",\"position\":1,\"name\":\"Forside\",\"item\":\"https:\\\/\\\/frankthiel.dk\\\/en\\\/\"},{\"@type\":\"ListItem\",\"position\":2,\"name\":\"Contact\"}]},{\"@type\":\"WebSite\",\"@id\":\"https:\\\/\\\/frankthiel.dk\\\/#website\",\"url\":\"https:\\\/\\\/frankthiel.dk\\\/\",\"name\":\"Frank Thiel\",\"description\":\"Bliv skarp p\u00e5 pr\u00e6sentationsteknik \u2013 f\u00e5 succes med dine opl\u00e6g\",\"publisher\":{\"@id\":\"https:\\\/\\\/frankthiel.dk\\\/#organization\"},\"potentialAction\":[{\"@type\":\"SearchAction\",\"target\":{\"@type\":\"EntryPoint\",\"urlTemplate\":\"https:\\\/\\\/frankthiel.dk\\\/?s={search_term_string}\"},\"query-input\":{\"@type\":\"PropertyValueSpecification\",\"valueRequired\":true,\"valueName\":\"search_term_string\"}}],\"inLanguage\":\"en-US\"},{\"@type\":\"Organization\",\"@id\":\"https:\\\/\\\/frankthiel.dk\\\/#organization\",\"name\":\"Frank Thiel\",\"url\":\"https:\\\/\\\/frankthiel.dk\\\/\",\"logo\":{\"@type\":\"ImageObject\",\"inLanguage\":\"en-US\",\"@id\":\"https:\\\/\\\/frankthiel.dk\\\/#\\\/schema\\\/logo\\\/image\\\/\",\"url\":\"https:\\\/\\\/frankthiel.dk\\\/wp-content\\\/uploads\\\/2026\\\/03\\\/frank_thiel_logo_upscaled_6x.png\",\"contentUrl\":\"https:\\\/\\\/frankthiel.dk\\\/wp-content\\\/uploads\\\/2026\\\/03\\\/frank_thiel_logo_upscaled_6x.png\",\"width\":1031,\"height\":316,\"caption\":\"Frank Thiel\"},\"image\":{\"@id\":\"https:\\\/\\\/frankthiel.dk\\\/#\\\/schema\\\/logo\\\/image\\\/\"}}]}<\/script>\n<!-- \/ Yoast SEO plugin. -->","yoast_head_json":{"title":"Contact | Frank Thiel","robots":{"index":"index","follow":"follow","max-snippet":"max-snippet:-1","max-image-preview":"max-image-preview:large","max-video-preview":"max-video-preview:-1"},"canonical":"https:\/\/frankthiel.dk\/kontakt\/","og_locale":"en_US","og_type":"article","og_title":"Contact | Frank Thiel","og_description":"Har du sp\u00f8rgsm\u00e5l eller kommentarer? Kontakt os i dag for at h\u00f8re mere om, hvad vi kan g\u00f8re for dig.","og_url":"https:\/\/frankthiel.dk\/kontakt\/","og_site_name":"Frank Thiel","article_modified_time":"2025-11-13T13:46:19+00:00","og_image":[{"width":1920,"height":1280,"url":"https:\/\/frankthiel.dk\/wp-content\/uploads\/2025\/01\/2020_09_16_NOeRREBRO_TEATER_ALLE_GODE_TING_0097.webp","type":"image\/webp"}],"twitter_card":"summary_large_image","twitter_misc":{"Est. reading time":"1 minute"},"schema":{"@context":"https:\/\/schema.org","@graph":[{"@type":"WebPage","@id":"https:\/\/frankthiel.dk\/kontakt\/","url":"https:\/\/frankthiel.dk\/kontakt\/","name":"Contact | Frank Thiel","isPartOf":{"@id":"https:\/\/frankthiel.dk\/#website"},"primaryImageOfPage":{"@id":"https:\/\/frankthiel.dk\/kontakt\/#primaryimage"},"image":{"@id":"https:\/\/frankthiel.dk\/kontakt\/#primaryimage"},"thumbnailUrl":"https:\/\/frankthiel.dk\/wp-content\/uploads\/2025\/01\/2020_09_16_NOeRREBRO_TEATER_ALLE_GODE_TING_0097-1000x667.webp","datePublished":"2020-02-12T12:11:38+00:00","dateModified":"2025-11-13T13:46:19+00:00","breadcrumb":{"@id":"https:\/\/frankthiel.dk\/kontakt\/#breadcrumb"},"inLanguage":"en-US","potentialAction":[{"@type":"ReadAction","target":["https:\/\/frankthiel.dk\/kontakt\/"]}]},{"@type":"ImageObject","inLanguage":"en-US","@id":"https:\/\/frankthiel.dk\/kontakt\/#primaryimage","url":"https:\/\/frankthiel.dk\/wp-content\/uploads\/2025\/01\/2020_09_16_NOeRREBRO_TEATER_ALLE_GODE_TING_0097-1000x667.webp","contentUrl":"https:\/\/frankthiel.dk\/wp-content\/uploads\/2025\/01\/2020_09_16_NOeRREBRO_TEATER_ALLE_GODE_TING_0097-1000x667.webp"},{"@type":"BreadcrumbList","@id":"https:\/\/frankthiel.dk\/kontakt\/#breadcrumb","itemListElement":[{"@type":"ListItem","position":1,"name":"Forside","item":"https:\/\/frankthiel.dk\/en\/"},{"@type":"ListItem","position":2,"name":"Contact"}]},{"@type":"WebSite","@id":"https:\/\/frankthiel.dk\/#website","url":"https:\/\/frankthiel.dk\/","name":"Frank Thiel","description":"Bliv skarp p\u00e5 pr\u00e6sentationsteknik \u2013 f\u00e5 succes med dine opl\u00e6g","publisher":{"@id":"https:\/\/frankthiel.dk\/#organization"},"potentialAction":[{"@type":"SearchAction","target":{"@type":"EntryPoint","urlTemplate":"https:\/\/frankthiel.dk\/?s={search_term_string}"},"query-input":{"@type":"PropertyValueSpecification","valueRequired":true,"valueName":"search_term_string"}}],"inLanguage":"en-US"},{"@type":"Organization","@id":"https:\/\/frankthiel.dk\/#organization","name":"Frank Thiel","url":"https:\/\/frankthiel.dk\/","logo":{"@type":"ImageObject","inLanguage":"en-US","@id":"https:\/\/frankthiel.dk\/#\/schema\/logo\/image\/","url":"https:\/\/frankthiel.dk\/wp-content\/uploads\/2026\/03\/frank_thiel_logo_upscaled_6x.png","contentUrl":"https:\/\/frankthiel.dk\/wp-content\/uploads\/2026\/03\/frank_thiel_logo_upscaled_6x.png","width":1031,"height":316,"caption":"Frank Thiel"},"image":{"@id":"https:\/\/frankthiel.dk\/#\/schema\/logo\/image\/"}}]}},"_links":{"self":[{"href":"https:\/\/frankthiel.dk\/en\/wp-json\/wp\/v2\/pages\/10609","targetHints":{"allow":["GET"]}}],"collection":[{"href":"https:\/\/frankthiel.dk\/en\/wp-json\/wp\/v2\/pages"}],"about":[{"href":"https:\/\/frankthiel.dk\/en\/wp-json\/wp\/v2\/types\/page"}],"author":[{"embeddable":true,"href":"https:\/\/frankthiel.dk\/en\/wp-json\/wp\/v2\/users\/1"}],"replies":[{"embeddable":true,"href":"https:\/\/frankthiel.dk\/en\/wp-json\/wp\/v2\/comments?post=10609"}],"version-history":[{"count":28,"href":"https:\/\/frankthiel.dk\/en\/wp-json\/wp\/v2\/pages\/10609\/revisions"}],"predecessor-version":[{"id":12205,"href":"https:\/\/frankthiel.dk\/en\/wp-json\/wp\/v2\/pages\/10609\/revisions\/12205"}],"wp:attachment":[{"href":"https:\/\/frankthiel.dk\/en\/wp-json\/wp\/v2\/media?parent=10609"}],"wp:term":[{"taxonomy":"category","embeddable":true,"href":"https:\/\/frankthiel.dk\/en\/wp-json\/wp\/v2\/categories?post=10609"}],"curies":[{"name":"wp","href":"https:\/\/api.w.org\/{rel}","templated":true}]}}